{"id":737,"date":"2016-04-12T14:05:56","date_gmt":"2016-04-12T13:05:56","guid":{"rendered":"http:\/\/pcvilag.hu\/en\/?page_id=737"},"modified":"2016-04-12T15:54:46","modified_gmt":"2016-04-12T14:54:46","slug":"reporterror","status":"publish","type":"page","link":"https:\/\/pcvilag.hu\/en\/reporterror\/","title":{"rendered":"Report Error"},"content":{"rendered":"<p class=\"lead\">Fill out the form below to report computer errors and problems to our technicians. We are going to contact you by phone or email to inform you about the details and prices of the reapir.<\/p>\n<p class=\"pagep\">If you accept our offer you will be able to schedule the services when it fits your timetable. We are keeping your personal information secure, and we will use it only in order to fix your problems. We never give personal data to third person.<\/p>\n\n<div class=\"wpcf7 no-js\" id=\"wpcf7-f740-o1\" lang=\"hu-HU\" dir=\"ltr\" data-wpcf7-id=\"740\">\n<div class=\"screen-reader-response\"><p role=\"status\" aria-live=\"polite\" aria-atomic=\"true\"><\/p> <ul><\/ul><\/div>\n<form action=\"\/en\/wp-json\/wp\/v2\/pages\/737#wpcf7-f740-o1\" method=\"post\" class=\"wpcf7-form init\" aria-label=\"Kapcsolatfelv\u00e9teli \u0171rlap\" novalidate=\"novalidate\" data-status=\"init\">\n<fieldset class=\"hidden-fields-container\"><input type=\"hidden\" name=\"_wpcf7\" value=\"740\" \/><input type=\"hidden\" name=\"_wpcf7_version\" value=\"6.1.6\" \/><input type=\"hidden\" name=\"_wpcf7_locale\" value=\"hu_HU\" \/><input type=\"hidden\" name=\"_wpcf7_unit_tag\" value=\"wpcf7-f740-o1\" \/><input type=\"hidden\" name=\"_wpcf7_container_post\" value=\"0\" \/><input type=\"hidden\" name=\"_wpcf7_posted_data_hash\" value=\"\" \/><input type=\"hidden\" name=\"_wpcf7_recaptcha_response\" value=\"\" \/>\n<\/fieldset>\n<p>Name (required)\n<\/p>\n<p><span class=\"wpcf7-form-control-wrap\" data-name=\"your-name\"><input size=\"40\" maxlength=\"400\" class=\"wpcf7-form-control wpcf7-text wpcf7-validates-as-required\" aria-required=\"true\" aria-invalid=\"false\" value=\"\" type=\"text\" name=\"your-name\" \/><\/span>\n<\/p>\n<p>Email (required)\n<\/p>\n<p><span class=\"wpcf7-form-control-wrap\" data-name=\"your-email\"><input size=\"40\" maxlength=\"400\" class=\"wpcf7-form-control wpcf7-email wpcf7-validates-as-required wpcf7-text wpcf7-validates-as-email\" aria-required=\"true\" aria-invalid=\"false\" value=\"\" type=\"email\" name=\"your-email\" \/><\/span>\n<\/p>\n<p>Phone (required)\n<\/p>\n<p><span class=\"wpcf7-form-control-wrap\" data-name=\"tel-797\"><input size=\"40\" maxlength=\"400\" class=\"wpcf7-form-control wpcf7-tel wpcf7-validates-as-required wpcf7-text wpcf7-validates-as-tel\" aria-required=\"true\" aria-invalid=\"false\" placeholder=\"+36-70-555-5555\" value=\"\" type=\"tel\" name=\"tel-797\" \/><\/span>\n<\/p>\n<p>Address (where the device is)\n<\/p>\n<p><span class=\"wpcf7-form-control-wrap\" data-name=\"text-896\"><input size=\"40\" maxlength=\"400\" class=\"wpcf7-form-control wpcf7-text\" aria-invalid=\"false\" value=\"\" type=\"text\" name=\"text-896\" \/><\/span>\n<\/p>\n<p>Subject\n<\/p>\n<p><span class=\"wpcf7-form-control-wrap\" data-name=\"your-subject\"><input size=\"40\" maxlength=\"400\" class=\"wpcf7-form-control wpcf7-text\" aria-invalid=\"false\" value=\"\" type=\"text\" name=\"your-subject\" \/><\/span>\n<\/p>\n<p>Message (type everything about the error)\n<\/p>\n<p><span class=\"wpcf7-form-control-wrap\" data-name=\"your-message\"><textarea cols=\"40\" rows=\"10\" maxlength=\"2000\" class=\"wpcf7-form-control wpcf7-textarea\" aria-invalid=\"false\" name=\"your-message\"><\/textarea><\/span>\n<\/p>\n<p>\n\n<\/p>\n<p><input class=\"wpcf7-form-control wpcf7-submit has-spinner\" type=\"submit\" value=\"Submit\" \/>\n<\/p><div class=\"wpcf7-response-output\" aria-hidden=\"true\"><\/div>\n<\/form>\n<\/div>\n\n","protected":false},"excerpt":{"rendered":"<p>Fill out the form below to report computer errors and problems to our technicians. We are going to contact you by phone or email to inform you about the details and prices of the reapir. If you accept our offer you will be able to schedule the services when it fits your timetable. We are&hellip;<\/p>\n","protected":false},"author":2,"featured_media":0,"parent":0,"menu_order":0,"comment_status":"closed","ping_status":"closed","template":"","meta":{"_et_pb_use_builder":"","_et_pb_old_content":"","_et_gb_content_width":"","footnotes":""},"class_list":["post-737","page","type-page","status-publish","hentry"],"yoast_head":"<!-- This site is optimized with the Yoast SEO plugin v26.8 - https:\/\/yoast.com\/product\/yoast-seo-wordpress\/ -->\n<title>Report Error - pcvilag.hu<\/title>\n<meta name=\"robots\" content=\"index, follow, max-snippet:-1, max-image-preview:large, max-video-preview:-1\" \/>\n<link rel=\"canonical\" href=\"https:\/\/pcvilag.hu\/en\/reporterror\/\" \/>\n<meta property=\"og:locale\" content=\"en_US\" \/>\n<meta property=\"og:type\" content=\"article\" \/>\n<meta property=\"og:title\" content=\"Report Error - pcvilag.hu\" \/>\n<meta property=\"og:description\" content=\"Fill out the form below to report computer errors and problems to our technicians. We are going to contact you by phone or email to inform you about the details and prices of the reapir. If you accept our offer you will be able to schedule the services when it fits your timetable. We are&hellip;\" \/>\n<meta property=\"og:url\" content=\"https:\/\/pcvilag.hu\/en\/reporterror\/\" \/>\n<meta property=\"og:site_name\" content=\"pcvilag.hu\" \/>\n<meta property=\"article:publisher\" content=\"http:\/\/facebook.com\/pcvilag\" \/>\n<meta property=\"article:modified_time\" content=\"2016-04-12T14:54:46+00:00\" \/>\n<meta name=\"twitter:card\" content=\"summary_large_image\" \/>\n<script type=\"application\/ld+json\" class=\"yoast-schema-graph\">{\"@context\":\"https:\/\/schema.org\",\"@graph\":[{\"@type\":\"WebPage\",\"@id\":\"https:\/\/pcvilag.hu\/en\/reporterror\/\",\"url\":\"https:\/\/pcvilag.hu\/en\/reporterror\/\",\"name\":\"Report Error - pcvilag.hu\",\"isPartOf\":{\"@id\":\"https:\/\/pcvilag.hu\/#website\"},\"datePublished\":\"2016-04-12T13:05:56+00:00\",\"dateModified\":\"2016-04-12T14:54:46+00:00\",\"breadcrumb\":{\"@id\":\"https:\/\/pcvilag.hu\/en\/reporterror\/#breadcrumb\"},\"inLanguage\":\"en-US\",\"potentialAction\":[{\"@type\":\"ReadAction\",\"target\":[\"https:\/\/pcvilag.hu\/en\/reporterror\/\"]}]},{\"@type\":\"BreadcrumbList\",\"@id\":\"https:\/\/pcvilag.hu\/en\/reporterror\/#breadcrumb\",\"itemListElement\":[{\"@type\":\"ListItem\",\"position\":1,\"name\":\"Home\",\"item\":\"https:\/\/pcvilag.hu\/en\/\"},{\"@type\":\"ListItem\",\"position\":2,\"name\":\"Report Error\"}]},{\"@type\":\"WebSite\",\"@id\":\"https:\/\/pcvilag.hu\/#website\",\"url\":\"https:\/\/pcvilag.hu\/\",\"name\":\"pcvilag.hu\",\"description\":\"Teljesk\u00f6r\u0171 sz\u00e1m\u00edt\u00e1stechnikai szolg\u00e1ltat\u00e1s\",\"publisher\":{\"@id\":\"https:\/\/pcvilag.hu\/#organization\"},\"potentialAction\":[{\"@type\":\"SearchAction\",\"target\":{\"@type\":\"EntryPoint\",\"urlTemplate\":\"https:\/\/pcvilag.hu\/?s={search_term_string}\"},\"query-input\":{\"@type\":\"PropertyValueSpecification\",\"valueRequired\":true,\"valueName\":\"search_term_string\"}}],\"inLanguage\":\"en-US\"},{\"@type\":\"Organization\",\"@id\":\"https:\/\/pcvilag.hu\/#organization\",\"name\":\"Pcvil\u00e1g.hu\",\"url\":\"https:\/\/pcvilag.hu\/\",\"logo\":{\"@type\":\"ImageObject\",\"inLanguage\":\"en-US\",\"@id\":\"https:\/\/pcvilag.hu\/#\/schema\/logo\/image\/\",\"url\":\"https:\/\/pcvilag.hu\/wp-content\/uploads\/2016\/03\/logo.png\",\"contentUrl\":\"https:\/\/pcvilag.hu\/wp-content\/uploads\/2016\/03\/logo.png\",\"width\":200,\"height\":112,\"caption\":\"Pcvil\u00e1g.hu\"},\"image\":{\"@id\":\"https:\/\/pcvilag.hu\/#\/schema\/logo\/image\/\"},\"sameAs\":[\"http:\/\/facebook.com\/pcvilag\"]}]}<\/script>\n<!-- \/ Yoast SEO plugin. -->","yoast_head_json":{"title":"Report Error - pcvilag.hu","robots":{"index":"index","follow":"follow","max-snippet":"max-snippet:-1","max-image-preview":"max-image-preview:large","max-video-preview":"max-video-preview:-1"},"canonical":"https:\/\/pcvilag.hu\/en\/reporterror\/","og_locale":"en_US","og_type":"article","og_title":"Report Error - pcvilag.hu","og_description":"Fill out the form below to report computer errors and problems to our technicians. We are going to contact you by phone or email to inform you about the details and prices of the reapir. If you accept our offer you will be able to schedule the services when it fits your timetable. We are&hellip;","og_url":"https:\/\/pcvilag.hu\/en\/reporterror\/","og_site_name":"pcvilag.hu","article_publisher":"http:\/\/facebook.com\/pcvilag","article_modified_time":"2016-04-12T14:54:46+00:00","twitter_card":"summary_large_image","schema":{"@context":"https:\/\/schema.org","@graph":[{"@type":"WebPage","@id":"https:\/\/pcvilag.hu\/en\/reporterror\/","url":"https:\/\/pcvilag.hu\/en\/reporterror\/","name":"Report Error - pcvilag.hu","isPartOf":{"@id":"https:\/\/pcvilag.hu\/#website"},"datePublished":"2016-04-12T13:05:56+00:00","dateModified":"2016-04-12T14:54:46+00:00","breadcrumb":{"@id":"https:\/\/pcvilag.hu\/en\/reporterror\/#breadcrumb"},"inLanguage":"en-US","potentialAction":[{"@type":"ReadAction","target":["https:\/\/pcvilag.hu\/en\/reporterror\/"]}]},{"@type":"BreadcrumbList","@id":"https:\/\/pcvilag.hu\/en\/reporterror\/#breadcrumb","itemListElement":[{"@type":"ListItem","position":1,"name":"Home","item":"https:\/\/pcvilag.hu\/en\/"},{"@type":"ListItem","position":2,"name":"Report Error"}]},{"@type":"WebSite","@id":"https:\/\/pcvilag.hu\/#website","url":"https:\/\/pcvilag.hu\/","name":"pcvilag.hu","description":"Teljesk\u00f6r\u0171 sz\u00e1m\u00edt\u00e1stechnikai szolg\u00e1ltat\u00e1s","publisher":{"@id":"https:\/\/pcvilag.hu\/#organization"},"potentialAction":[{"@type":"SearchAction","target":{"@type":"EntryPoint","urlTemplate":"https:\/\/pcvilag.hu\/?s={search_term_string}"},"query-input":{"@type":"PropertyValueSpecification","valueRequired":true,"valueName":"search_term_string"}}],"inLanguage":"en-US"},{"@type":"Organization","@id":"https:\/\/pcvilag.hu\/#organization","name":"Pcvil\u00e1g.hu","url":"https:\/\/pcvilag.hu\/","logo":{"@type":"ImageObject","inLanguage":"en-US","@id":"https:\/\/pcvilag.hu\/#\/schema\/logo\/image\/","url":"https:\/\/pcvilag.hu\/wp-content\/uploads\/2016\/03\/logo.png","contentUrl":"https:\/\/pcvilag.hu\/wp-content\/uploads\/2016\/03\/logo.png","width":200,"height":112,"caption":"Pcvil\u00e1g.hu"},"image":{"@id":"https:\/\/pcvilag.hu\/#\/schema\/logo\/image\/"},"sameAs":["http:\/\/facebook.com\/pcvilag"]}]}},"_links":{"self":[{"href":"https:\/\/pcvilag.hu\/en\/wp-json\/wp\/v2\/pages\/737","targetHints":{"allow":["GET"]}}],"collection":[{"href":"https:\/\/pcvilag.hu\/en\/wp-json\/wp\/v2\/pages"}],"about":[{"href":"https:\/\/pcvilag.hu\/en\/wp-json\/wp\/v2\/types\/page"}],"author":[{"embeddable":true,"href":"https:\/\/pcvilag.hu\/en\/wp-json\/wp\/v2\/users\/2"}],"replies":[{"embeddable":true,"href":"https:\/\/pcvilag.hu\/en\/wp-json\/wp\/v2\/comments?post=737"}],"version-history":[{"count":0,"href":"https:\/\/pcvilag.hu\/en\/wp-json\/wp\/v2\/pages\/737\/revisions"}],"wp:attachment":[{"href":"https:\/\/pcvilag.hu\/en\/wp-json\/wp\/v2\/media?parent=737"}],"curies":[{"name":"wp","href":"https:\/\/api.w.org\/{rel}","templated":true}]}}