{"id":753,"date":"2016-04-12T16:07:12","date_gmt":"2016-04-12T15:07:12","guid":{"rendered":"http:\/\/pcvilag.hu\/en\/?page_id=753"},"modified":"2023-01-26T13:55:27","modified_gmt":"2023-01-26T12:55:27","slug":"prices","status":"publish","type":"page","link":"https:\/\/pcvilag.hu\/en\/prices\/","title":{"rendered":"Our prices"},"content":{"rendered":"<p class=\"lead\"><strong>Free getting off:<\/strong> Budapest, Biatorb\u00e1gy, Budakal\u00e1sz, Budakeszi, Buda\u00f6rs, Csom\u00e1d, Cs\u00f6m\u00f6r, Di\u00f3sd, Dunakeszi, \u00c9rd, F\u00f3t, F\u00f3tliget, G\u00f6d, Pilisborosjen\u0151, Pom\u00e1z, Szentendre, Sz\u00f6d, Sz\u00f6dliget, T\u00f6r\u00f6kb\u00e1lint, \u00dcr\u00f6m, Veresegyh\u00e1z!<\/p>\n<h2>Prices for Home users:<\/h2>\n<p><strong>Daytime work:<\/strong> 8 600 Ft + Tax \/ hour<br \/>\n<strong>Overnight work:<\/strong> 17 200 Ft + Tax \/ hour<br \/>\n<strong>Remote repair:<\/strong> 2 150 Ft + Tax \/ 15 minutes<br \/>\n<strong>Getting off to countryside:<\/strong> 120 Ft + Tax \/ km<\/p>\n<h2>Prices for Companies:<\/h2>\n<p><strong>Daytime work:<\/strong> 16 800 Ft + Tax \/ hour<br \/>\n<strong>Overnight work:<\/strong> 33 600 Ft + Tax \/ hour<br \/>\n<strong>Remote repair:<\/strong> 4 200 Ft + Tax \/ 15 minutes<br \/>\n<strong>Getting off to countryside:<\/strong> 120 Ft + Tax \/ km<\/p>\n<h3>You pay nothing if we fail to fix the reported errors.<\/h3>\n<p>The first hour of work always have to be paid, but after this we count in quarter hour units. This way 72 minutes of daytime work for a Home user costs only 10 750 Ft + Tax.<\/p>\n<p>We always give you an approximate calculation by phone or by email, so you can order our services without surprises.<\/p>\n<h2>Additional information<\/h2>\n<p class=\"smalltext\"><strong>Daytime:<\/strong> 09:00 &#8211; 18:00<br \/>\n<strong>Overnight:<\/strong>\u00a018:00 &#8211; 09:00-ig.<\/p>\n<p class=\"smalltext\">In an urgent situation the overnight price will be charged<\/p>\n<h2>More discounts<\/h2>\n<p>We provide discount to our contracted and regular customers from the above prices. If you are interested in working with us, please contact us for an offer.<\/p>\n<div class=\"butdiv\"><a class=\"mybut\" href=\"\/en\/contact\/\">Click to contact us!<\/a><\/div>\n","protected":false},"excerpt":{"rendered":"<p>Free getting off: Budapest, Biatorb\u00e1gy, Budakal\u00e1sz, Budakeszi, Buda\u00f6rs, Csom\u00e1d, Cs\u00f6m\u00f6r, Di\u00f3sd, Dunakeszi, \u00c9rd, F\u00f3t, F\u00f3tliget, G\u00f6d, Pilisborosjen\u0151, Pom\u00e1z, Szentendre, Sz\u00f6d, Sz\u00f6dliget, T\u00f6r\u00f6kb\u00e1lint, \u00dcr\u00f6m, Veresegyh\u00e1z! Prices for Home users: Daytime work: 8 600 Ft + Tax \/ hour Overnight work: 17 200 Ft + Tax \/ hour Remote repair: 2 150 Ft + Tax \/ 15&hellip;<\/p>\n","protected":false},"author":2,"featured_media":0,"parent":0,"menu_order":0,"comment_status":"closed","ping_status":"closed","template":"","meta":{"_et_pb_use_builder":"","_et_pb_old_content":"","_et_gb_content_width":"","footnotes":""},"class_list":["post-753","page","type-page","status-publish","hentry"],"yoast_head":"<!-- This site is optimized with the Yoast SEO plugin v26.8 - https:\/\/yoast.com\/product\/yoast-seo-wordpress\/ -->\n<title>Our prices - pcvilag.hu<\/title>\n<meta name=\"robots\" content=\"index, follow, max-snippet:-1, max-image-preview:large, max-video-preview:-1\" \/>\n<link rel=\"canonical\" href=\"https:\/\/pcvilag.hu\/en\/prices\/\" \/>\n<meta property=\"og:locale\" content=\"en_US\" \/>\n<meta property=\"og:type\" content=\"article\" \/>\n<meta property=\"og:title\" content=\"Our prices - pcvilag.hu\" \/>\n<meta property=\"og:description\" content=\"Free getting off: Budapest, Biatorb\u00e1gy, Budakal\u00e1sz, Budakeszi, Buda\u00f6rs, Csom\u00e1d, Cs\u00f6m\u00f6r, Di\u00f3sd, Dunakeszi, \u00c9rd, F\u00f3t, F\u00f3tliget, G\u00f6d, Pilisborosjen\u0151, Pom\u00e1z, Szentendre, Sz\u00f6d, Sz\u00f6dliget, T\u00f6r\u00f6kb\u00e1lint, \u00dcr\u00f6m, Veresegyh\u00e1z! Prices for Home users: Daytime work: 8 600 Ft + Tax \/ hour Overnight work: 17 200 Ft + Tax \/ hour Remote repair: 2 150 Ft + Tax \/ 15&hellip;\" \/>\n<meta property=\"og:url\" content=\"https:\/\/pcvilag.hu\/en\/prices\/\" \/>\n<meta property=\"og:site_name\" content=\"pcvilag.hu\" \/>\n<meta property=\"article:publisher\" content=\"http:\/\/facebook.com\/pcvilag\" \/>\n<meta property=\"article:modified_time\" content=\"2023-01-26T12:55:27+00:00\" \/>\n<meta name=\"twitter:card\" content=\"summary_large_image\" \/>\n<meta name=\"twitter:label1\" content=\"Est. reading time\" \/>\n\t<meta name=\"twitter:data1\" content=\"2 minutes\" \/>\n<script type=\"application\/ld+json\" class=\"yoast-schema-graph\">{\"@context\":\"https:\/\/schema.org\",\"@graph\":[{\"@type\":\"WebPage\",\"@id\":\"https:\/\/pcvilag.hu\/en\/prices\/\",\"url\":\"https:\/\/pcvilag.hu\/en\/prices\/\",\"name\":\"Our prices - pcvilag.hu\",\"isPartOf\":{\"@id\":\"https:\/\/pcvilag.hu\/#website\"},\"datePublished\":\"2016-04-12T15:07:12+00:00\",\"dateModified\":\"2023-01-26T12:55:27+00:00\",\"breadcrumb\":{\"@id\":\"https:\/\/pcvilag.hu\/en\/prices\/#breadcrumb\"},\"inLanguage\":\"en-US\",\"potentialAction\":[{\"@type\":\"ReadAction\",\"target\":[\"https:\/\/pcvilag.hu\/en\/prices\/\"]}]},{\"@type\":\"BreadcrumbList\",\"@id\":\"https:\/\/pcvilag.hu\/en\/prices\/#breadcrumb\",\"itemListElement\":[{\"@type\":\"ListItem\",\"position\":1,\"name\":\"Home\",\"item\":\"https:\/\/pcvilag.hu\/en\/\"},{\"@type\":\"ListItem\",\"position\":2,\"name\":\"Our prices\"}]},{\"@type\":\"WebSite\",\"@id\":\"https:\/\/pcvilag.hu\/#website\",\"url\":\"https:\/\/pcvilag.hu\/\",\"name\":\"pcvilag.hu\",\"description\":\"Teljesk\u00f6r\u0171 sz\u00e1m\u00edt\u00e1stechnikai szolg\u00e1ltat\u00e1s\",\"publisher\":{\"@id\":\"https:\/\/pcvilag.hu\/#organization\"},\"potentialAction\":[{\"@type\":\"SearchAction\",\"target\":{\"@type\":\"EntryPoint\",\"urlTemplate\":\"https:\/\/pcvilag.hu\/?s={search_term_string}\"},\"query-input\":{\"@type\":\"PropertyValueSpecification\",\"valueRequired\":true,\"valueName\":\"search_term_string\"}}],\"inLanguage\":\"en-US\"},{\"@type\":\"Organization\",\"@id\":\"https:\/\/pcvilag.hu\/#organization\",\"name\":\"Pcvil\u00e1g.hu\",\"url\":\"https:\/\/pcvilag.hu\/\",\"logo\":{\"@type\":\"ImageObject\",\"inLanguage\":\"en-US\",\"@id\":\"https:\/\/pcvilag.hu\/#\/schema\/logo\/image\/\",\"url\":\"https:\/\/pcvilag.hu\/wp-content\/uploads\/2016\/03\/logo.png\",\"contentUrl\":\"https:\/\/pcvilag.hu\/wp-content\/uploads\/2016\/03\/logo.png\",\"width\":200,\"height\":112,\"caption\":\"Pcvil\u00e1g.hu\"},\"image\":{\"@id\":\"https:\/\/pcvilag.hu\/#\/schema\/logo\/image\/\"},\"sameAs\":[\"http:\/\/facebook.com\/pcvilag\"]}]}<\/script>\n<!-- \/ Yoast SEO plugin. -->","yoast_head_json":{"title":"Our prices - pcvilag.hu","robots":{"index":"index","follow":"follow","max-snippet":"max-snippet:-1","max-image-preview":"max-image-preview:large","max-video-preview":"max-video-preview:-1"},"canonical":"https:\/\/pcvilag.hu\/en\/prices\/","og_locale":"en_US","og_type":"article","og_title":"Our prices - pcvilag.hu","og_description":"Free getting off: Budapest, Biatorb\u00e1gy, Budakal\u00e1sz, Budakeszi, Buda\u00f6rs, Csom\u00e1d, Cs\u00f6m\u00f6r, Di\u00f3sd, Dunakeszi, \u00c9rd, F\u00f3t, F\u00f3tliget, G\u00f6d, Pilisborosjen\u0151, Pom\u00e1z, Szentendre, Sz\u00f6d, Sz\u00f6dliget, T\u00f6r\u00f6kb\u00e1lint, \u00dcr\u00f6m, Veresegyh\u00e1z! Prices for Home users: Daytime work: 8 600 Ft + Tax \/ hour Overnight work: 17 200 Ft + Tax \/ hour Remote repair: 2 150 Ft + Tax \/ 15&hellip;","og_url":"https:\/\/pcvilag.hu\/en\/prices\/","og_site_name":"pcvilag.hu","article_publisher":"http:\/\/facebook.com\/pcvilag","article_modified_time":"2023-01-26T12:55:27+00:00","twitter_card":"summary_large_image","twitter_misc":{"Est. reading time":"2 minutes"},"schema":{"@context":"https:\/\/schema.org","@graph":[{"@type":"WebPage","@id":"https:\/\/pcvilag.hu\/en\/prices\/","url":"https:\/\/pcvilag.hu\/en\/prices\/","name":"Our prices - pcvilag.hu","isPartOf":{"@id":"https:\/\/pcvilag.hu\/#website"},"datePublished":"2016-04-12T15:07:12+00:00","dateModified":"2023-01-26T12:55:27+00:00","breadcrumb":{"@id":"https:\/\/pcvilag.hu\/en\/prices\/#breadcrumb"},"inLanguage":"en-US","potentialAction":[{"@type":"ReadAction","target":["https:\/\/pcvilag.hu\/en\/prices\/"]}]},{"@type":"BreadcrumbList","@id":"https:\/\/pcvilag.hu\/en\/prices\/#breadcrumb","itemListElement":[{"@type":"ListItem","position":1,"name":"Home","item":"https:\/\/pcvilag.hu\/en\/"},{"@type":"ListItem","position":2,"name":"Our prices"}]},{"@type":"WebSite","@id":"https:\/\/pcvilag.hu\/#website","url":"https:\/\/pcvilag.hu\/","name":"pcvilag.hu","description":"Teljesk\u00f6r\u0171 sz\u00e1m\u00edt\u00e1stechnikai szolg\u00e1ltat\u00e1s","publisher":{"@id":"https:\/\/pcvilag.hu\/#organization"},"potentialAction":[{"@type":"SearchAction","target":{"@type":"EntryPoint","urlTemplate":"https:\/\/pcvilag.hu\/?s={search_term_string}"},"query-input":{"@type":"PropertyValueSpecification","valueRequired":true,"valueName":"search_term_string"}}],"inLanguage":"en-US"},{"@type":"Organization","@id":"https:\/\/pcvilag.hu\/#organization","name":"Pcvil\u00e1g.hu","url":"https:\/\/pcvilag.hu\/","logo":{"@type":"ImageObject","inLanguage":"en-US","@id":"https:\/\/pcvilag.hu\/#\/schema\/logo\/image\/","url":"https:\/\/pcvilag.hu\/wp-content\/uploads\/2016\/03\/logo.png","contentUrl":"https:\/\/pcvilag.hu\/wp-content\/uploads\/2016\/03\/logo.png","width":200,"height":112,"caption":"Pcvil\u00e1g.hu"},"image":{"@id":"https:\/\/pcvilag.hu\/#\/schema\/logo\/image\/"},"sameAs":["http:\/\/facebook.com\/pcvilag"]}]}},"_links":{"self":[{"href":"https:\/\/pcvilag.hu\/en\/wp-json\/wp\/v2\/pages\/753","targetHints":{"allow":["GET"]}}],"collection":[{"href":"https:\/\/pcvilag.hu\/en\/wp-json\/wp\/v2\/pages"}],"about":[{"href":"https:\/\/pcvilag.hu\/en\/wp-json\/wp\/v2\/types\/page"}],"author":[{"embeddable":true,"href":"https:\/\/pcvilag.hu\/en\/wp-json\/wp\/v2\/users\/2"}],"replies":[{"embeddable":true,"href":"https:\/\/pcvilag.hu\/en\/wp-json\/wp\/v2\/comments?post=753"}],"version-history":[{"count":2,"href":"https:\/\/pcvilag.hu\/en\/wp-json\/wp\/v2\/pages\/753\/revisions"}],"predecessor-version":[{"id":1787,"href":"https:\/\/pcvilag.hu\/en\/wp-json\/wp\/v2\/pages\/753\/revisions\/1787"}],"wp:attachment":[{"href":"https:\/\/pcvilag.hu\/en\/wp-json\/wp\/v2\/media?parent=753"}],"curies":[{"name":"wp","href":"https:\/\/api.w.org\/{rel}","templated":true}]}}